{"id":876,"date":"2021-03-08T08:51:44","date_gmt":"2021-03-08T07:51:44","guid":{"rendered":"https:\/\/btinn.at\/?page_id=876"},"modified":"2021-03-08T09:42:48","modified_gmt":"2021-03-08T08:42:48","slug":"impressum","status":"publish","type":"page","link":"https:\/\/btinn.at\/index.php\/impressum\/","title":{"rendered":"Impressum"},"content":{"rendered":"\t\t<div data-elementor-type=\"wp-page\" data-elementor-id=\"876\" class=\"elementor elementor-876\" data-elementor-post-type=\"page\">\n\t\t\t\t\t\t<section class=\"elementor-section elementor-top-section elementor-element elementor-element-47c9b07 elementor-section-boxed elementor-section-height-default elementor-section-height-default\" data-id=\"47c9b07\" data-element_type=\"section\">\n\t\t\t\t\t\t<div class=\"elementor-container elementor-column-gap-default\">\n\t\t\t\t\t<div class=\"elementor-column elementor-col-100 elementor-top-column elementor-element elementor-element-16b092a\" data-id=\"16b092a\" data-element_type=\"column\">\n\t\t\t<div class=\"elementor-widget-wrap elementor-element-populated\">\n\t\t\t\t\t\t<div class=\"elementor-element elementor-element-a5f1a9e elementor-widget elementor-widget-text-editor\" data-id=\"a5f1a9e\" data-element_type=\"widget\" data-widget_type=\"text-editor.default\">\n\t\t\t\t<div class=\"elementor-widget-container\">\n\t\t\t\t\t\t\t\t\t<p>Informationspflicht laut \u00a75 E-Commerce Gesetz, \u00a714 Unternehmensgesetzbuch, \u00a763 Gewerbeordnung und Offenlegungspflicht laut \u00a725 Mediengesetz.<\/p>\t\t\t\t\t\t\t\t<\/div>\n\t\t\t\t<\/div>\n\t\t\t\t\t<\/div>\n\t\t<\/div>\n\t\t\t\t\t<\/div>\n\t\t<\/section>\n\t\t\t\t<section class=\"elementor-section elementor-top-section elementor-element elementor-element-ae05feb elementor-section-boxed elementor-section-height-default elementor-section-height-default\" data-id=\"ae05feb\" data-element_type=\"section\">\n\t\t\t\t\t\t<div class=\"elementor-container elementor-column-gap-default\">\n\t\t\t\t\t<div class=\"elementor-column elementor-col-100 elementor-top-column elementor-element elementor-element-d7c8d8d\" data-id=\"d7c8d8d\" data-element_type=\"column\">\n\t\t\t<div class=\"elementor-widget-wrap elementor-element-populated\">\n\t\t\t\t\t\t<div class=\"elementor-element elementor-element-34c36a9 elementor-widget elementor-widget-text-editor\" data-id=\"34c36a9\" data-element_type=\"widget\" data-widget_type=\"text-editor.default\">\n\t\t\t\t<div class=\"elementor-widget-container\">\n\t\t\t\t\t\t\t\t\t<p><b>BAU<span style=\"color: #cc1414;\">TEAM<\/span> INNVIERTEL GmbH<br \/><\/b>Dorfstra\u00dfe 12 \/ 2<br \/>4932 Kirchheim im Innkreis<br \/>\u00d6sterreich<\/p><p><strong>UID-Nummer:<\/strong> ATU68881515<br \/><strong>Firmenbuchnummer:<\/strong> FN 420961 k<br \/><strong>Firmenbuchgericht:<\/strong> Landesgericht Ried im Innkreis<br \/><strong>Firmensitz:<\/strong> Kirchheim im Innkreis<\/p><p><strong>Tel.:<\/strong> +43 7755 20 832<br \/><strong>E-Mail:<\/strong> <a href=\"mailto:office@btinn.at\">office@btinn.at<\/a><\/p><p><strong>Gesch\u00e4ftsf\u00fchrer<\/strong><br \/>Leopold Windhager<\/p>\t\t\t\t\t\t\t\t<\/div>\n\t\t\t\t<\/div>\n\t\t\t\t\t<\/div>\n\t\t<\/div>\n\t\t\t\t\t<\/div>\n\t\t<\/section>\n\t\t\t\t<section class=\"elementor-section elementor-top-section elementor-element elementor-element-7a13624 elementor-section-boxed elementor-section-height-default elementor-section-height-default\" data-id=\"7a13624\" data-element_type=\"section\">\n\t\t\t\t\t\t<div class=\"elementor-container elementor-column-gap-default\">\n\t\t\t\t\t<div class=\"elementor-column elementor-col-100 elementor-top-column elementor-element elementor-element-d1c1b41\" data-id=\"d1c1b41\" data-element_type=\"column\">\n\t\t\t<div class=\"elementor-widget-wrap elementor-element-populated\">\n\t\t\t\t\t\t<div class=\"elementor-element elementor-element-351a6b3 elementor-widget elementor-widget-spacer\" data-id=\"351a6b3\" data-element_type=\"widget\" data-widget_type=\"spacer.default\">\n\t\t\t\t<div class=\"elementor-widget-container\">\n\t\t\t\t\t\t\t<div class=\"elementor-spacer\">\n\t\t\t<div class=\"elementor-spacer-inner\"><\/div>\n\t\t<\/div>\n\t\t\t\t\t\t<\/div>\n\t\t\t\t<\/div>\n\t\t\t\t\t<\/div>\n\t\t<\/div>\n\t\t\t\t\t<\/div>\n\t\t<\/section>\n\t\t\t\t<section class=\"elementor-section elementor-top-section elementor-element elementor-element-3381a76 elementor-section-boxed elementor-section-height-default elementor-section-height-default\" data-id=\"3381a76\" data-element_type=\"section\">\n\t\t\t\t\t\t<div class=\"elementor-container elementor-column-gap-default\">\n\t\t\t\t\t<div class=\"elementor-column elementor-col-100 elementor-top-column elementor-element elementor-element-31f631c\" data-id=\"31f631c\" data-element_type=\"column\">\n\t\t\t<div class=\"elementor-widget-wrap elementor-element-populated\">\n\t\t\t\t\t\t<div class=\"elementor-element elementor-element-dc1ee5b elementor-widget elementor-widget-text-editor\" data-id=\"dc1ee5b\" data-element_type=\"widget\" data-widget_type=\"text-editor.default\">\n\t\t\t\t<div class=\"elementor-widget-container\">\n\t\t\t\t\t\t\t\t\t<p><strong>Copyright &amp; Haftungsausschluss<br \/><\/strong><br \/>Der Urheber haftet nicht f\u00fcr allf\u00e4llige falsche Angaben auf der Homepage. Alle Angaben sind ohne Gew\u00e4hr. Die verwendeten Inhalte d\u00fcrfen nur nach vorheriger Zustimmung des Urhebers verwendet werden. Alle Rechte vorbehalten.<\/p><p>Diese Website benutzt Google Analytics, einen Webanalysedienst der Google Inc. (\u201eGoogle\u201c) Google Analytics verwendet sog. \u201eCookies\u201c, Textdateien, die auf Ihrem Computer gespeichert werden und die eine Analyse der Benutzung der Website durch Sie erm\u00f6glicht. Die durch den Cookie erzeugten Informationen \u00fcber Ihre Benutzung diese Website (einschlie\u00dflich Ihrer IP-Adresse) wird an einen Server von Google in den USA \u00fcbertragen und dort gespeichert. Google wird diese Informationen benutzen, um Ihre Nutzung der Website auszuwerten, um Reports \u00fcber die Websiteaktivit\u00e4ten f\u00fcr die Websitebetreiber zusammenzustellen und um weitere mit der Websitenutzung und der Internetnutzung verbundene Dienstleistungen zu erbringen. Auch wird Google diese Informationen gegebenenfalls an Dritte\u00fcbertragen, sofern dies gesetzlich vorgeschrieben oder soweit Dritte diese Daten im Auftrag von Google verarbeiten. Google wird in keinem Fall Ihre IP-Adresse mit anderen Daten der Google in Verbindung bringen. Sie k\u00f6nnen die Installation der Cookies durch eine entsprechende Einstellung Ihrer Browser Software verhindern; wir weisen Sie jedoch darauf hin, dass Sie in diesem Fall gegebenenfalls nicht s\u00e4mtliche Funktionen dieser Website voll umf\u00e4nglich nutzen k\u00f6nnen. Durch die Nutzung dieser Website erkl\u00e4ren Sie sich mit der Bearbeitung der \u00fcber Sie erhobenen Daten durch Google in der zuvor beschriebenen Art und Weise und zu dem zuvor benannten Zweck einverstanden.<br \/><br \/><\/p><p><a href=\"https:\/\/btinn.at\/index.php\/datenschutz\/\" target=\"_blank\" rel=\"noopener\">Datenschutzhinweis<\/a><br \/><br \/><\/p><p><strong>Konzeption &amp; Programmierung<\/strong><br \/><a href=\"https:\/\/brueckl.eu\/\" target=\"_blank\" rel=\"noopener\">Br\u00fcckl GmbH<\/a><\/p>\t\t\t\t\t\t\t\t<\/div>\n\t\t\t\t<\/div>\n\t\t\t\t\t<\/div>\n\t\t<\/div>\n\t\t\t\t\t<\/div>\n\t\t<\/section>\n\t\t\t\t<\/div>\n\t\t","protected":false},"excerpt":{"rendered":"<p>Informationspflicht laut \u00a75 E-Commerce Gesetz, \u00a714 Unternehmensgesetzbuch, \u00a763 Gewerbeordnung und Offenlegungspflicht laut \u00a725 Mediengesetz. BAUTEAM INNVIERTEL GmbHDorfstra\u00dfe 12 \/ 24932 Kirchheim im [&hellip;]<\/p>\n","protected":false},"author":2,"featured_media":0,"parent":0,"menu_order":0,"comment_status":"closed","ping_status":"closed","template":"page-templates\/page_fullwidth.php","meta":{"footnotes":""},"class_list":["post-876","page","type-page","status-publish","hentry"],"yoast_head":"<!-- This site is optimized with the Yoast SEO plugin v25.4 - https:\/\/yoast.com\/wordpress\/plugins\/seo\/ -->\n<title>Impressum - BAUTEAM INNVIERTEL<\/title>\n<meta name=\"robots\" content=\"index, follow, max-snippet:-1, max-image-preview:large, max-video-preview:-1\" \/>\n<link rel=\"canonical\" href=\"https:\/\/btinn.at\/index.php\/impressum\/\" \/>\n<meta property=\"og:locale\" content=\"de_DE\" \/>\n<meta property=\"og:type\" content=\"article\" \/>\n<meta property=\"og:title\" content=\"Impressum - BAUTEAM INNVIERTEL\" \/>\n<meta property=\"og:description\" content=\"Informationspflicht laut \u00a75 E-Commerce Gesetz, \u00a714 Unternehmensgesetzbuch, \u00a763 Gewerbeordnung und Offenlegungspflicht laut \u00a725 Mediengesetz. BAUTEAM INNVIERTEL GmbHDorfstra\u00dfe 12 \/ 24932 Kirchheim im [&hellip;]\" \/>\n<meta property=\"og:url\" content=\"https:\/\/btinn.at\/index.php\/impressum\/\" \/>\n<meta property=\"og:site_name\" content=\"BAUTEAM INNVIERTEL\" \/>\n<meta property=\"article:modified_time\" content=\"2021-03-08T08:42:48+00:00\" \/>\n<meta name=\"twitter:card\" content=\"summary_large_image\" \/>\n<meta name=\"twitter:label1\" content=\"Gesch\u00e4tzte Lesezeit\" \/>\n\t<meta name=\"twitter:data1\" content=\"2\u00a0Minuten\" \/>\n<script type=\"application\/ld+json\" class=\"yoast-schema-graph\">{\"@context\":\"https:\/\/schema.org\",\"@graph\":[{\"@type\":\"WebPage\",\"@id\":\"https:\/\/btinn.at\/index.php\/impressum\/\",\"url\":\"https:\/\/btinn.at\/index.php\/impressum\/\",\"name\":\"Impressum - BAUTEAM INNVIERTEL\",\"isPartOf\":{\"@id\":\"https:\/\/btinn.at\/#website\"},\"datePublished\":\"2021-03-08T07:51:44+00:00\",\"dateModified\":\"2021-03-08T08:42:48+00:00\",\"breadcrumb\":{\"@id\":\"https:\/\/btinn.at\/index.php\/impressum\/#breadcrumb\"},\"inLanguage\":\"de\",\"potentialAction\":[{\"@type\":\"ReadAction\",\"target\":[\"https:\/\/btinn.at\/index.php\/impressum\/\"]}]},{\"@type\":\"BreadcrumbList\",\"@id\":\"https:\/\/btinn.at\/index.php\/impressum\/#breadcrumb\",\"itemListElement\":[{\"@type\":\"ListItem\",\"position\":1,\"name\":\"Startseite\",\"item\":\"https:\/\/btinn.at\/\"},{\"@type\":\"ListItem\",\"position\":2,\"name\":\"Impressum\"}]},{\"@type\":\"WebSite\",\"@id\":\"https:\/\/btinn.at\/#website\",\"url\":\"https:\/\/btinn.at\/\",\"name\":\"BAUTEAM INNVIERTEL\",\"description\":\"Trockenlegung - Renovieriung - Immobilien\",\"potentialAction\":[{\"@type\":\"SearchAction\",\"target\":{\"@type\":\"EntryPoint\",\"urlTemplate\":\"https:\/\/btinn.at\/?s={search_term_string}\"},\"query-input\":{\"@type\":\"PropertyValueSpecification\",\"valueRequired\":true,\"valueName\":\"search_term_string\"}}],\"inLanguage\":\"de\"}]}<\/script>\n<!-- \/ Yoast SEO plugin. -->","yoast_head_json":{"title":"Impressum - BAUTEAM INNVIERTEL","robots":{"index":"index","follow":"follow","max-snippet":"max-snippet:-1","max-image-preview":"max-image-preview:large","max-video-preview":"max-video-preview:-1"},"canonical":"https:\/\/btinn.at\/index.php\/impressum\/","og_locale":"de_DE","og_type":"article","og_title":"Impressum - BAUTEAM INNVIERTEL","og_description":"Informationspflicht laut \u00a75 E-Commerce Gesetz, \u00a714 Unternehmensgesetzbuch, \u00a763 Gewerbeordnung und Offenlegungspflicht laut \u00a725 Mediengesetz. BAUTEAM INNVIERTEL GmbHDorfstra\u00dfe 12 \/ 24932 Kirchheim im [&hellip;]","og_url":"https:\/\/btinn.at\/index.php\/impressum\/","og_site_name":"BAUTEAM INNVIERTEL","article_modified_time":"2021-03-08T08:42:48+00:00","twitter_card":"summary_large_image","twitter_misc":{"Gesch\u00e4tzte Lesezeit":"2\u00a0Minuten"},"schema":{"@context":"https:\/\/schema.org","@graph":[{"@type":"WebPage","@id":"https:\/\/btinn.at\/index.php\/impressum\/","url":"https:\/\/btinn.at\/index.php\/impressum\/","name":"Impressum - BAUTEAM INNVIERTEL","isPartOf":{"@id":"https:\/\/btinn.at\/#website"},"datePublished":"2021-03-08T07:51:44+00:00","dateModified":"2021-03-08T08:42:48+00:00","breadcrumb":{"@id":"https:\/\/btinn.at\/index.php\/impressum\/#breadcrumb"},"inLanguage":"de","potentialAction":[{"@type":"ReadAction","target":["https:\/\/btinn.at\/index.php\/impressum\/"]}]},{"@type":"BreadcrumbList","@id":"https:\/\/btinn.at\/index.php\/impressum\/#breadcrumb","itemListElement":[{"@type":"ListItem","position":1,"name":"Startseite","item":"https:\/\/btinn.at\/"},{"@type":"ListItem","position":2,"name":"Impressum"}]},{"@type":"WebSite","@id":"https:\/\/btinn.at\/#website","url":"https:\/\/btinn.at\/","name":"BAUTEAM INNVIERTEL","description":"Trockenlegung - Renovieriung - Immobilien","potentialAction":[{"@type":"SearchAction","target":{"@type":"EntryPoint","urlTemplate":"https:\/\/btinn.at\/?s={search_term_string}"},"query-input":{"@type":"PropertyValueSpecification","valueRequired":true,"valueName":"search_term_string"}}],"inLanguage":"de"}]}},"_links":{"self":[{"href":"https:\/\/btinn.at\/index.php\/wp-json\/wp\/v2\/pages\/876","targetHints":{"allow":["GET"]}}],"collection":[{"href":"https:\/\/btinn.at\/index.php\/wp-json\/wp\/v2\/pages"}],"about":[{"href":"https:\/\/btinn.at\/index.php\/wp-json\/wp\/v2\/types\/page"}],"author":[{"embeddable":true,"href":"https:\/\/btinn.at\/index.php\/wp-json\/wp\/v2\/users\/2"}],"replies":[{"embeddable":true,"href":"https:\/\/btinn.at\/index.php\/wp-json\/wp\/v2\/comments?post=876"}],"version-history":[{"count":25,"href":"https:\/\/btinn.at\/index.php\/wp-json\/wp\/v2\/pages\/876\/revisions"}],"predecessor-version":[{"id":903,"href":"https:\/\/btinn.at\/index.php\/wp-json\/wp\/v2\/pages\/876\/revisions\/903"}],"wp:attachment":[{"href":"https:\/\/btinn.at\/index.php\/wp-json\/wp\/v2\/media?parent=876"}],"curies":[{"name":"wp","href":"https:\/\/api.w.org\/{rel}","templated":true}]}}